{"id":2,"date":"2011-10-12T20:19:39","date_gmt":"2011-10-12T20:19:39","guid":{"rendered":"https:\/\/fossworld.dk\/?page_id=2"},"modified":"2019-12-05T06:03:05","modified_gmt":"2019-12-05T05:03:05","slug":"om","status":"publish","type":"page","link":"https:\/\/fossworld.dk\/?page_id=2","title":{"rendered":"Introduktion"},"content":{"rendered":"<p>Fossworld.dk FOSS er et akronym for Free and Open Source Software. Free siger sig selv, det er gratis programmel. Open Source software er programmel, der er frigivet under en licens, der enten giver brugeren ret til at se, anvende, modificere samt videredistribuere kildekoden, s\u00e6dvanligvis under visse betingelser.<\/p>\n<p>Open Source verdenen er der flere ideologiske spydspidser, som for eksempel den ekstreme purist Richard M. Stallman (Free Software Foundation) og Bruce Perens (Open Source Initiative). De fleste brugere er dog mere eller mindre ligeglade med ideligo og vil bare have billig\/gratis programmel af en god kvalitet. Andre str\u00e6kker sig lidt videre og tilf\u00f8jer programmel der ikke er underlagt et enkelt firmas luner.<\/p>\n<p>Open Source programmel og maskinel har idag stadig trange k\u00e5r. Ikke mindst i det offentlige, der p\u00e5 trods af fine hensigtserkl\u00e6ringer, stadig ikke g\u00f8r meget for at \u00e6ndre ved den stadig fastl\u00e5ste situation.<\/p>\n<p>N\u00f8glen er indf\u00f8relsen af \u00e5bne standarder og protokoller, hvilket vi b\u00f8r str\u00e6be efter. De skal v\u00e6re nogenlunde lette at implementere underst\u00f8ttelse af i programmer. Det g\u00e6lder om at tvinge s\u00e5vel kommercielle som ikke kommercielle udviklere til at underst\u00f8tte disse, for at komme ud af den benl\u00e5s som vi nu er i.<\/p>\n<p>Det er netop hensigten med FossWorld at oplyse den danske forbruger om de muligheder der gemmer sig i FOSS-verdenen, nemlig god gedin fri og \u00e5ben software for alle brugere, p\u00e5 alle platforme.<\/p>\n<p>Indholdet vil v\u00e6re en sk\u00f8n blanding af personlige blog-indl\u00e6g, kommentarer, artikler, anmeldelser og rent ud bizarre indl\u00e6g. Selvf\u00f8lgelig alt efter hvorledes hum\u00f8r og lune er p\u00e5 dagen.<\/p>\n<p>Hvis du \u00f8nsker at bidrage til indholdet p\u00e5 denne side s\u00e5 lad endelige h\u00f8re fra dig, der er altid brug for en ekstra h\u00e5nd og siden at livet ret hurtigt kan komme i vejen for s\u00e5danne projekter er det helt og holdent uforpligtende. Fem minutter her og der er ganske udem\u00e6rket. Der er brug for folk til at opsnuse nyheder og skrive om dem, skrive artikler, anmeldelser, blogs og til redigering og daglig drift.<\/p>\n<p>Det meste af materialet p\u00e5 denne side (artikler og anmeldelser) udgives under en Creative Common License (share-alike,share-alike-non-commercial eller public domain). Sproget er dansk, og man vil g\u00f8re sit ypperste for at bruge s\u00e5 f\u00e5 udenlandske fagudtryk som muligt.<\/p>\n<p>Mange hilsner<br \/>flywheel, Fossworld.dk<\/p>\n\n\n<figure class=\"wp-block-image size-large\"><img decoding=\"async\" src=\"https:\/\/www.gamingonlinux.com\/signature.php?id=10332\" alt=\"\"\/><\/figure>\n","protected":false},"excerpt":{"rendered":"<p>Fossworld.dk FOSS er et akronym for Free and Open Source Software. Free siger sig selv, det er gratis programmel. Open Source software er programmel, der er frigivet under en licens, der enten giver brugeren ret til at se, anvende, modificere samt videredistribuere kildekoden, s\u00e6dvanligvis under visse betingelser. Open Source verdenen er der flere ideologiske spydspidser, som for eksempel den ekstreme&hellip; <a href=\"https:\/\/fossworld.dk\/?page_id=2\">More &rarr;<\/a><\/p>\n","protected":false},"author":1,"featured_media":0,"parent":0,"menu_order":0,"comment_status":"open","ping_status":"open","template":"","meta":{"footnotes":""},"class_list":["post-2","page","type-page","status-publish","hentry"],"_links":{"self":[{"href":"https:\/\/fossworld.dk\/index.php?rest_route=\/wp\/v2\/pages\/2","targetHints":{"allow":["GET"]}}],"collection":[{"href":"https:\/\/fossworld.dk\/index.php?rest_route=\/wp\/v2\/pages"}],"about":[{"href":"https:\/\/fossworld.dk\/index.php?rest_route=\/wp\/v2\/types\/page"}],"author":[{"embeddable":true,"href":"https:\/\/fossworld.dk\/index.php?rest_route=\/wp\/v2\/users\/1"}],"replies":[{"embeddable":true,"href":"https:\/\/fossworld.dk\/index.php?rest_route=%2Fwp%2Fv2%2Fcomments&post=2"}],"version-history":[{"count":12,"href":"https:\/\/fossworld.dk\/index.php?rest_route=\/wp\/v2\/pages\/2\/revisions"}],"predecessor-version":[{"id":1320,"href":"https:\/\/fossworld.dk\/index.php?rest_route=\/wp\/v2\/pages\/2\/revisions\/1320"}],"wp:attachment":[{"href":"https:\/\/fossworld.dk\/index.php?rest_route=%2Fwp%2Fv2%2Fmedia&parent=2"}],"curies":[{"name":"wp","href":"https:\/\/api.w.org\/{rel}","templated":true}]}}